{"id":357,"date":"2015-09-27T18:39:42","date_gmt":"2015-09-27T16:39:42","guid":{"rendered":"http:\/\/casavacanzemadonnadibernia.com\/vacanze\/?page_id=357"},"modified":"2018-09-13T17:05:01","modified_gmt":"2018-09-13T15:05:01","slug":"ristorante","status":"publish","type":"page","link":"https:\/\/www.casavacanzemadonnadibernia.com\/vacanze\/ristorante\/","title":{"rendered":"Ristorante"},"content":{"rendered":"<p>[vc_row][vc_column][vc_single_image image=&#8221;243&#8243; img_size=&#8221;medium&#8221;][vc_empty_space height=&#8221;20px&#8221;][\/vc_column][\/vc_row][vc_row][vc_column width=&#8221;1\/2&#8243;][vc_column_text]Vi offriamo un motivo in pi\u00f9 per un soggiorno o per una semplice visita: lo spazio accogliente del nostro <strong>ristorante \u201cIl Capriccio\u201d.<\/strong><\/p>\n<p>\u00c8 il luogo perfetto per chi ama coniugare l\u2019amore per l\u2019arte e la natura, a quello per i piaceri di una tavola in grado di armonizzare, in un mix indimenticabile, i sapori mediterranei e tradizionali con l\u2019estro creativo dello <strong>chef Pierino Semeraro.<\/strong><\/p>\n<p>Il servizio caloroso e professionale vi accompagna in un percorso gastronomico che, partendo dalla ricerca sistematica, quasi \u201cossessiva\u201d, della qualit\u00e0 delle materie prime, sempre frutto di produzioni locali a chilometro zero, passa da piatti ricchi di sapori e di colori, che si possono definire caposaldi della cucina pugliese, per giungere a soluzioni pi\u00f9 ricercate ed apprezzate da palati esigenti e smaliziati.[\/vc_column_text][\/vc_column][vc_column width=&#8221;1\/2&#8243;][rev_slider_vc alias=&#8221;ristorante-intro&#8221;][\/vc_column][\/vc_row][vc_row][vc_column width=&#8221;1\/2&#8243;][rev_slider_vc alias=&#8221;chef&#8221;][\/vc_column][vc_column width=&#8221;1\/2&#8243;][vc_custom_heading text=&#8221;LO CHEF&#8221; font_container=&#8221;tag:h2|font_size:30|text_align:left|color:%23000000&#8243; google_fonts=&#8221;font_family:Open%20Sans%3A300%2C300italic%2Cregular%2Citalic%2C600%2C600italic%2C700%2C700italic%2C800%2C800italic|font_style:400%20regular%3A400%3Anormal&#8221; css=&#8221;.vc_custom_1445958068733{padding-top: 30px !important;}&#8221;][vc_column_text]Pierino Semeraro, uno chef capace di proporci piatti perfettamente in linea con la migliore tradizione pugliese e locale, ma anche di stupirci con contaminazioni e reinterpretazioni assolutamente originali.<\/p>\n<p>Fra le sue creazioni migliori amiamo ricordare:[\/vc_column_text][\/vc_column][\/vc_row][vc_row][vc_column][vc_empty_space height=&#8221;20px&#8221;][vc_custom_heading text=&#8221;Le nostre Specialit\u00e0&#8221; font_container=&#8221;tag:h1|font_size:40|text_align:center|color:%236b1b02&#8243; google_fonts=&#8221;font_family:Open%20Sans%3A300%2C300italic%2Cregular%2Citalic%2C600%2C600italic%2C700%2C700italic%2C800%2C800italic|font_style:400%20regular%3A400%3Anormal&#8221;][\/vc_column][\/vc_row][vc_row][vc_column width=&#8221;1\/2&#8243;][vc_custom_heading text=&#8221;ANTIPASTI&#8221; font_container=&#8221;tag:h2|font_size:36|text_align:left|color:%236b1b02&#8243; google_fonts=&#8221;font_family:Open%20Sans%3A300%2C300italic%2Cregular%2Citalic%2C600%2C600italic%2C700%2C700italic%2C800%2C800italic|font_style:700%20bold%20regular%3A700%3Anormal&#8221;]<style type=\"text\/css\" >#l_0w5i9dzacihantv6vaey{width:100px;}#l_0w5i9dzacihantv6vaey.sc_line ,#l_0w5i9dzacihantv6vaey .sc_line { height:1px; background:#6b1b02;}#l_0w5i9dzacihantv6vaey {margin:0px 0 10px 0; padding:0;}<\/style><div class=\"clearfix\"><\/div><div id=\"l_0w5i9dzacihantv6vaey\"  class=\"sc_line rd_line_normal\" ><\/div>[vc_column_text]Vastissima la scelta degli antipasti che spaziano dai tipici prodotti stagionali freschi sino a formaggi e latticini, melanzane, polpette al rag\u00f9, insalata di mare, arrosticini di pecora, mortadella arrosto con scaglie di formaggio e tagliere di salumi e formaggi locali, verdurine miste pastellate.<\/p>\n<p>A richiesta: salumi di selvaggina, crostoni ai porcini, terrina con porcini e uova di quaglia, sfilaccini di puledro.[\/vc_column_text][\/vc_column][vc_column width=&#8221;1\/2&#8243;][rev_slider_vc alias=&#8221;antipasti&#8221;][\/vc_column][\/vc_row][vc_row type=&#8221;full-width-content&#8221; css=&#8221;.vc_custom_1448537307228{padding-right: 0px !important;padding-left: 0px !important;background-color: #bd372b !important;}&#8221;][vc_column width=&#8221;1\/2&#8243; css=&#8221;.vc_custom_1448537437312{padding-top: 301px !important;padding-bottom: 301px !important;background-image: url(http:\/\/casavacanzemadonnadibernia.com\/vacanze\/wp-content\/uploads\/2015\/09\/2_Il_capriccio_pasta_fresca.jpg?id=381) !important;background-position: center !important;background-repeat: no-repeat !important;background-size: cover !important;}&#8221;][\/vc_column][vc_column width=&#8221;1\/2&#8243; css=&#8221;.vc_custom_1445768335660{margin-left: 0px !important;padding-top: 50px !important;padding-right: 50px !important;padding-bottom: 50px !important;padding-left: 50px !important;background-color: #bd372b !important;}&#8221; font_color=&#8221;#ffffff&#8221;][vc_custom_heading text=&#8221;PASTA&#8221; font_container=&#8221;tag:h2|font_size:36|text_align:left|color:%23ffffff&#8221; google_fonts=&#8221;font_family:Open%20Sans%3A300%2C300italic%2Cregular%2Citalic%2C600%2C600italic%2C700%2C700italic%2C800%2C800italic|font_style:700%20bold%20regular%3A700%3Anormal&#8221;]<style type=\"text\/css\" >#l_5vga207r2xo09ghe1l0q{width:100px;}#l_5vga207r2xo09ghe1l0q.sc_line ,#l_5vga207r2xo09ghe1l0q .sc_line { height:1px; background:#ffffff;}#l_5vga207r2xo09ghe1l0q {margin:0px 0 0px 0; padding:0;}<\/style><div class=\"clearfix\"><\/div><div id=\"l_5vga207r2xo09ghe1l0q\"  class=\"sc_line rd_line_normal\" ><\/div>[vc_column_text font_size=&#8221;18&#8243; line_height=&#8221;30&#8243; css=&#8221;.vc_custom_1445957557164{padding-top: 10px !important;}&#8221;]Un fiore all\u2019occhiello \u00e8 la <strong>pasta fresca di grano duro \u201cSenatore Cappelli\u201d,<\/strong> di nostra produzione, accanto alla pasta all\u2019uovo, pasta ripiena con zucca e porcini, ricotta e spinaci; ravioli di pesce, pollo e melanzane, zucchine e carne; raviolone con bietole e uova di quaglia.[\/vc_column_text][\/vc_column][\/vc_row][vc_row css=&#8221;.vc_custom_1448047400229{padding-top: 45px !important;}&#8221;][vc_column width=&#8221;1\/2&#8243; animation=&#8221;rda_fadeInLeft&#8221;][vc_single_image image=&#8221;383&#8243; img_size=&#8221;400&#215;300&#8243; alignment=&#8221;center&#8221;][vc_custom_heading text=&#8221;Agnolotti zucca e porcini&#8221; font_container=&#8221;tag:h2|font_size:22|text_align:center|color:%23000000&#8243; google_fonts=&#8221;font_family:Open%20Sans%3A300%2C300italic%2Cregular%2Citalic%2C600%2C600italic%2C700%2C700italic%2C800%2C800italic|font_style:400%20regular%3A400%3Anormal&#8221;][\/vc_column][vc_column width=&#8221;1\/2&#8243; animation=&#8221;rda_fadeInRight&#8221; font_color=&#8221;#ffffff&#8221;][vc_single_image image=&#8221;384&#8243; img_size=&#8221;400&#215;300&#8243; alignment=&#8221;center&#8221;][vc_custom_heading text=&#8221;Tagliolini all\u2019aragostella&#8221; font_container=&#8221;tag:h2|font_size:22|text_align:center|color:%23000000&#8243; google_fonts=&#8221;font_family:Open%20Sans%3A300%2C300italic%2Cregular%2Citalic%2C600%2C600italic%2C700%2C700italic%2C800%2C800italic|font_style:400%20regular%3A400%3Anormal&#8221;][\/vc_column][\/vc_row][vc_row type=&#8221;full-width-content&#8221; css=&#8221;.vc_custom_1445958594564{padding-right: 0px !important;padding-left: 0px !important;background-color: #b2a59f !important;}&#8221;][vc_column width=&#8221;1\/2&#8243; css=&#8221;.vc_custom_1445958726277{padding-top: 301px !important;padding-bottom: 301px !important;background-image: url(http:\/\/casavacanzemadonnadibernia.com\/vacanze\/wp-content\/uploads\/2015\/09\/3_Il_Capriccio_banco_carne.jpg?id=388) !important;background-position: center !important;background-repeat: no-repeat !important;background-size: cover !important;}&#8221;][\/vc_column][vc_column width=&#8221;1\/2&#8243; css=&#8221;.vc_custom_1443383964260{margin-left: 0px !important;padding-top: 50px !important;padding-right: 50px !important;padding-bottom: 50px !important;padding-left: 50px !important;background-color: #b2a59f !important;}&#8221; font_color=&#8221;#ffffff&#8221;][vc_custom_heading text=&#8221;CARNE&#8221; font_container=&#8221;tag:h2|font_size:36|text_align:left|color:%23ffffff&#8221; google_fonts=&#8221;font_family:Open%20Sans%3A300%2C300italic%2Cregular%2Citalic%2C600%2C600italic%2C700%2C700italic%2C800%2C800italic|font_style:700%20bold%20regular%3A700%3Anormal&#8221;]<style type=\"text\/css\" >#l_n0ht9yro0hgpry2pp9b7{width:100px;}#l_n0ht9yro0hgpry2pp9b7.sc_line ,#l_n0ht9yro0hgpry2pp9b7 .sc_line { height:1px; background:#ffffff;}#l_n0ht9yro0hgpry2pp9b7 {margin:0px 0 0px 0; padding:0;}<\/style><div class=\"clearfix\"><\/div><div id=\"l_n0ht9yro0hgpry2pp9b7\"  class=\"sc_line rd_line_normal\" ><\/div>[vc_column_text font_size=&#8221;18&#8243; line_height=&#8221;30&#8243; css=&#8221;.vc_custom_1445958540363{padding-top: 10px !important;}&#8221;]Non pu\u00f2 mancare all\u2019appello quello che \u00e8 un punto forte della tradizione gastronomica della murgia dei trulli. Stiamo parlando delle carni locali macellate fresche; del tipico agnello, degli gnummarelli (gnummareddi) sempre di agnello, della salsiccia mista e di maiale a punta di coltello, delle bombette, delle costate di vitello. Arricchiscono la nostra offerta carni particolari come quelle di angus argentino, la tagliata di manzo irlandese e le carni di cinghiale e cervo.[\/vc_column_text][\/vc_column][\/vc_row][vc_row][vc_column width=&#8221;1\/2&#8243; animation=&#8221;rda_fadeInLeft&#8221;][vc_single_image image=&#8221;393&#8243; img_size=&#8221;400&#215;300&#8243; alignment=&#8221;center&#8221;][vc_custom_heading text=&#8221;Tagliata di manzo con rucola e aceto balsamico&#8221; font_container=&#8221;tag:h2|font_size:22|text_align:center|color:%23000000&#8243; google_fonts=&#8221;font_family:Open%20Sans%3A300%2C300italic%2Cregular%2Citalic%2C600%2C600italic%2C700%2C700italic%2C800%2C800italic|font_style:400%20regular%3A400%3Anormal&#8221;][\/vc_column][vc_column width=&#8221;1\/2&#8243; animation=&#8221;rda_fadeInRight&#8221; font_color=&#8221;#ffffff&#8221;][vc_single_image image=&#8221;394&#8243; img_size=&#8221;400&#215;300&#8243; alignment=&#8221;center&#8221;][vc_custom_heading text=&#8221;Grigliata mista &#8211; agnello, salsiccia mista, gnummarelli&#8221; font_container=&#8221;tag:h2|font_size:22|text_align:center|color:%23000000&#8243; google_fonts=&#8221;font_family:Open%20Sans%3A300%2C300italic%2Cregular%2Citalic%2C600%2C600italic%2C700%2C700italic%2C800%2C800italic|font_style:400%20regular%3A400%3Anormal&#8221;][\/vc_column][\/vc_row][vc_row type=&#8221;full-width-content&#8221; css=&#8221;.vc_custom_1445959281548{padding-right: 0px !important;padding-left: 0px !important;background-color: #bd372b !important;}&#8221;][vc_column width=&#8221;1\/2&#8243;][rev_slider_vc alias=&#8221;pizzeria&#8221;][\/vc_column][vc_column width=&#8221;1\/2&#8243; css=&#8221;.vc_custom_1443385046109{margin-left: 0px !important;padding-top: 35px !important;padding-right: 40px !important;padding-bottom: 36px !important;padding-left: 40px !important;background-color: #bd372b !important;}&#8221; font_color=&#8221;#ffffff&#8221;][vc_custom_heading text=&#8221;PIZZA&#8221; font_container=&#8221;tag:h2|font_size:36|text_align:left|color:%23ffffff&#8221; google_fonts=&#8221;font_family:Open%20Sans%3A300%2C300italic%2Cregular%2Citalic%2C600%2C600italic%2C700%2C700italic%2C800%2C800italic|font_style:700%20bold%20regular%3A700%3Anormal&#8221;]<style type=\"text\/css\" >#l_d7jsnayoeq1aqy1w4zxf{width:100px;}#l_d7jsnayoeq1aqy1w4zxf.sc_line ,#l_d7jsnayoeq1aqy1w4zxf .sc_line { height:1px; background:#ffffff;}#l_d7jsnayoeq1aqy1w4zxf {margin:0px 0 0px 0; padding:0;}<\/style><div class=\"clearfix\"><\/div><div id=\"l_d7jsnayoeq1aqy1w4zxf\"  class=\"sc_line rd_line_normal\" ><\/div>[vc_column_text font_size=&#8221;16&#8243; line_height=&#8221;30&#8243; css=&#8221;.vc_custom_1445957674384{padding-top: 10px !important;}&#8221;]Un grande forno a legna completa la dotazione de \u201cIL CAPRICCIO\u201d. L\u2019abilit\u00e0 del maestro pizzaiolo \u00e8 in grado di sfornare pizze di eccellente qualit\u00e0 perfettamente in linea con la migliore tradizione. Si parte dalla classica margherita per arrivare alle specialit\u00e0 della casa: pizza melanzane al gratin, pizza con porchetta e grana e pizza agli sfilaccini di cavallo.[\/vc_column_text][\/vc_column][\/vc_row][vc_row][vc_column width=&#8221;1\/2&#8243; animation=&#8221;rda_fadeInLeft&#8221;][vc_single_image image=&#8221;406&#8243; img_size=&#8221;400&#215;300&#8243; alignment=&#8221;center&#8221;][vc_custom_heading text=&#8221;Pizza bufala e olive&#8221; font_container=&#8221;tag:h2|font_size:22|text_align:center|color:%23000000&#8243; google_fonts=&#8221;font_family:Open%20Sans%3A300%2C300italic%2Cregular%2Citalic%2C600%2C600italic%2C700%2C700italic%2C800%2C800italic|font_style:400%20regular%3A400%3Anormal&#8221;][\/vc_column][vc_column width=&#8221;1\/2&#8243; animation=&#8221;rda_fadeInRight&#8221; font_color=&#8221;#ffffff&#8221;][vc_single_image image=&#8221;407&#8243; img_size=&#8221;400&#215;300&#8243; alignment=&#8221;center&#8221;][vc_custom_heading text=&#8221;Pizza melanzane al gratin&#8221; font_container=&#8221;tag:h2|font_size:22|text_align:center|color:%23000000&#8243; google_fonts=&#8221;font_family:Open%20Sans%3A300%2C300italic%2Cregular%2Citalic%2C600%2C600italic%2C700%2C700italic%2C800%2C800italic|font_style:400%20regular%3A400%3Anormal&#8221;][\/vc_column][\/vc_row][vc_row type=&#8221;full-width-content&#8221; css=&#8221;.vc_custom_1445958918241{padding-right: 0px !important;padding-left: 0px !important;background-color: #b2a59f !important;}&#8221;][vc_column width=&#8221;1\/2&#8243; css=&#8221;.vc_custom_1448537511715{padding-top: 301px !important;padding-bottom: 301px !important;background-image: url(http:\/\/casavacanzemadonnadibernia.com\/vacanze\/wp-content\/uploads\/2015\/09\/5_Il_Capriccio_ristorante_tiramisu_artigianali.jpg?id=409) !important;background-position: center !important;background-repeat: no-repeat !important;background-size: cover !important;}&#8221;][\/vc_column][vc_column width=&#8221;1\/2&#8243; css=&#8221;.vc_custom_1443383964260{margin-left: 0px !important;padding-top: 50px !important;padding-right: 50px !important;padding-bottom: 50px !important;padding-left: 50px !important;background-color: #b2a59f !important;}&#8221; font_color=&#8221;#ffffff&#8221;][vc_custom_heading text=&#8221;DOLCI&#8221; font_container=&#8221;tag:h2|font_size:36|text_align:left|color:%23ffffff&#8221; google_fonts=&#8221;font_family:Open%20Sans%3A300%2C300italic%2Cregular%2Citalic%2C600%2C600italic%2C700%2C700italic%2C800%2C800italic|font_style:700%20bold%20regular%3A700%3Anormal&#8221;]<style type=\"text\/css\" >#l_52a4hapfhntntd0el1nr{width:100px;}#l_52a4hapfhntntd0el1nr.sc_line ,#l_52a4hapfhntntd0el1nr .sc_line { height:1px; background:#ffffff;}#l_52a4hapfhntntd0el1nr {margin:0px 0 0px 0; padding:0;}<\/style><div class=\"clearfix\"><\/div><div id=\"l_52a4hapfhntntd0el1nr\"  class=\"sc_line rd_line_normal\" ><\/div>[vc_column_text font_size=&#8221;18&#8243; line_height=&#8221;30&#8243; css=&#8221;.vc_custom_1445957715805{padding-top: 10px !important;}&#8221;]Impossibile resistere alla variegata famiglia di dolci, tutti prodotti in casa con ingredienti di altissima qualit\u00e0, fra cui spicca l\u2019imperdibile <strong>tiramis\u00f9 di nonna Isabella.<\/strong>[\/vc_column_text][\/vc_column][\/vc_row][vc_row][vc_column width=&#8221;1\/2&#8243; animation=&#8221;rda_fadeInLeft&#8221;][vc_single_image image=&#8221;410&#8243; img_size=&#8221;400&#215;300&#8243; alignment=&#8221;center&#8221;][vc_custom_heading text=&#8221;Semifreddo: croccantino al bacio<br \/>\ncon cioccolato caldo.&#8221; font_container=&#8221;tag:h2|font_size:22|text_align:center|color:%23000000&#8243; google_fonts=&#8221;font_family:Open%20Sans%3A300%2C300italic%2Cregular%2Citalic%2C600%2C600italic%2C700%2C700italic%2C800%2C800italic|font_style:400%20regular%3A400%3Anormal&#8221;][\/vc_column][vc_column width=&#8221;1\/2&#8243; animation=&#8221;rda_fadeInRight&#8221; font_color=&#8221;#ffffff&#8221;][vc_single_image image=&#8221;411&#8243; img_size=&#8221;400&#215;300&#8243; alignment=&#8221;center&#8221;][vc_custom_heading text=&#8221;Coppa Capriccio: gelato fiordilatte,<br \/>\nnoccioline e frutti di bosco caldi&#8221; font_container=&#8221;tag:h2|font_size:22|text_align:center|color:%23000000&#8243; google_fonts=&#8221;font_family:Open%20Sans%3A300%2C300italic%2Cregular%2Citalic%2C600%2C600italic%2C700%2C700italic%2C800%2C800italic|font_style:400%20regular%3A400%3Anormal&#8221;][\/vc_column][\/vc_row][vc_row][vc_column width=&#8221;1\/2&#8243; animation=&#8221;rda_fadeInLeft&#8221; css=&#8221;.vc_custom_1444772719208{margin-left: 0px !important;}&#8221; font_color=&#8221;#ffffff&#8221;][vc_single_image image=&#8221;412&#8243; img_size=&#8221;400&#215;300&#8243; alignment=&#8221;center&#8221;][vc_custom_heading text=&#8221;Torta di mele calda con gelato&#8221; font_container=&#8221;tag:h2|font_size:22|text_align:center|color:%23000000&#8243; google_fonts=&#8221;font_family:Open%20Sans%3A300%2C300italic%2Cregular%2Citalic%2C600%2C600italic%2C700%2C700italic%2C800%2C800italic|font_style:400%20regular%3A400%3Anormal&#8221;][\/vc_column][vc_column width=&#8221;1\/2&#8243; animation=&#8221;rda_fadeInRight&#8221;][vc_single_image image=&#8221;413&#8243; img_size=&#8221;400&#215;300&#8243; alignment=&#8221;center&#8221;][vc_custom_heading text=&#8221;Panna cotta al caramello. Varianti: frutti di bosco, cioccolato, allo yogurt, al caff\u00e8.&#8221; font_container=&#8221;tag:h2|font_size:22|text_align:center|color:%23000000&#8243; google_fonts=&#8221;font_family:Open%20Sans%3A300%2C300italic%2Cregular%2Citalic%2C600%2C600italic%2C700%2C700italic%2C800%2C800italic|font_style:400%20regular%3A400%3Anormal&#8221;][\/vc_column][\/vc_row][vc_row][vc_column width=&#8221;1\/2&#8243; css=&#8221;.vc_custom_1445768077764{padding-bottom: 30px !important;}&#8221;][vc_custom_heading text=&#8221;\u201cRosoli&#8221; font_container=&#8221;tag:h2|font_size:34|text_align:right|color:%236b0b0f&#8221; google_fonts=&#8221;font_family:Open%20Sans%3A300%2C300italic%2Cregular%2Citalic%2C600%2C600italic%2C700%2C700italic%2C800%2C800italic|font_style:600%20bold%20regular%3A600%3Anormal&#8221; css=&#8221;.vc_custom_1444772738563{margin-bottom: 0px !important;}&#8221;][vc_custom_heading text=&#8221;di nonna Isabella&#8221; font_container=&#8221;tag:h2|font_size:34|text_align:right|color:%236b0b0f&#8221; google_fonts=&#8221;font_family:Open%20Sans%3A300%2C300italic%2Cregular%2Citalic%2C600%2C600italic%2C700%2C700italic%2C800%2C800italic|font_style:400%20regular%3A400%3Anormal&#8221; css=&#8221;.vc_custom_1445957972144{padding-bottom: 20px !important;}&#8221;][vc_column_text]<\/p>\n<p style=\"text-align: right;\">La perfetta conclusione di un ottimo pasto \u00e8 sicuramente rappresentata dai rosoli di nonna Isabella.<\/p>\n<p style=\"text-align: right;\">La scelta varia a piacimento fra il nespolino, l\u2019alloro e il tradizionale nocino, fra la crema al limone e la crema al caff\u00e8.<\/p>\n<p>[\/vc_column_text][\/vc_column][vc_column width=&#8221;1\/2&#8243;][vc_single_image image=&#8221;416&#8243; img_size=&#8221;full&#8221;][\/vc_column][\/vc_row]<\/p>","protected":false},"excerpt":{"rendered":"<p>[vc_row][vc_column][vc_single_image image=&#8221;243&#8243; img_size=&#8221;medium&#8221;][vc_empty_space height=&#8221;20px&#8221;][\/vc_column][\/vc_row][vc_row][vc_column width=&#8221;1\/2&#8243;][vc_column_text]Vi offriamo un motivo in pi\u00f9 per un soggiorno o per una semplice visita: lo spazio accogliente del nostro ristorante \u201cIl Capriccio\u201d. \u00c8 il luogo perfetto per chi ama coniugare l\u2019amore per l\u2019arte e la natura, a quello per i piaceri di una tavola in grado di armonizzare, in un mix<br \/><a href=\"https:\/\/www.casavacanzemadonnadibernia.com\/vacanze\/ristorante\/\" class=\"more\">Read more<\/a><\/p>\n","protected":false},"author":3,"featured_media":0,"parent":0,"menu_order":0,"comment_status":"closed","ping_status":"closed","template":"","meta":[],"_links":{"self":[{"href":"https:\/\/www.casavacanzemadonnadibernia.com\/vacanze\/wp-json\/wp\/v2\/pages\/357"}],"collection":[{"href":"https:\/\/www.casavacanzemadonnadibernia.com\/vacanze\/wp-json\/wp\/v2\/pages"}],"about":[{"href":"https:\/\/www.casavacanzemadonnadibernia.com\/vacanze\/wp-json\/wp\/v2\/types\/page"}],"author":[{"embeddable":true,"href":"https:\/\/www.casavacanzemadonnadibernia.com\/vacanze\/wp-json\/wp\/v2\/users\/3"}],"replies":[{"embeddable":true,"href":"https:\/\/www.casavacanzemadonnadibernia.com\/vacanze\/wp-json\/wp\/v2\/comments?post=357"}],"version-history":[{"count":99,"href":"https:\/\/www.casavacanzemadonnadibernia.com\/vacanze\/wp-json\/wp\/v2\/pages\/357\/revisions"}],"predecessor-version":[{"id":789,"href":"https:\/\/www.casavacanzemadonnadibernia.com\/vacanze\/wp-json\/wp\/v2\/pages\/357\/revisions\/789"}],"wp:attachment":[{"href":"https:\/\/www.casavacanzemadonnadibernia.com\/vacanze\/wp-json\/wp\/v2\/media?parent=357"}],"curies":[{"name":"wp","href":"https:\/\/api.w.org\/{rel}","templated":true}]}}