{"id":263,"date":"2015-09-27T11:14:26","date_gmt":"2015-09-27T09:14:26","guid":{"rendered":"http:\/\/casavacanzemadonnadibernia.com\/vacanze\/?page_id=263"},"modified":"2018-09-13T15:37:47","modified_gmt":"2018-09-13T13:37:47","slug":"appartamenti","status":"publish","type":"page","link":"https:\/\/www.casavacanzemadonnadibernia.com\/vacanze\/appartamenti\/","title":{"rendered":"Appartamenti"},"content":{"rendered":"<p>[vc_row css=&#8221;.vc_custom_1443286801166{margin-bottom: 0px !important;padding-top: 95px !important;padding-bottom: 0px !important;}&#8221;][vc_column][vc_custom_heading text=&#8221;GLI SPAZI GIUSTI PER VACANZE SENZA FRETTA&#8221; font_container=&#8221;tag:h2|font_size:36px|text_align:left|color:%23333333|line_height:40px&#8221; google_fonts=&#8221;font_family:Open%20Sans%3A300%2C300italic%2Cregular%2Citalic%2C600%2C600italic%2C700%2C700italic%2C800%2C800italic|font_style:300%20light%20regular%3A300%3Anormal&#8221; css=&#8221;.vc_custom_1443344663779{margin-bottom: 23px !important;}&#8221;][vc_column_text]Nei <b>sei appartamenti,<\/b> arredati in modo da creare ambienti di grande suggestione, coerenti con lo stile dell\u2019intero complesso, i nostri ospiti possono trascorrere momenti di autentico relax circondati da ogni confort.<\/p>\n<p>Ogni appartamento, caratterizzato da ambienti spaziosi, \u00e8 dotato di cucina completa per dotazione di accessori e mobili, zona pranzo, una o pi\u00f9 zone notte in grado di garantire grande intimit\u00e0 e riservatezza, apparecchi televisivi, climatizzatori, bagni perfettamente attrezzati.<\/p>\n<p>I nostri piccoli animali a quattro zampe sono ben accetti e possono godere anche degli spazi liberi ma perfettamente protetti che circondano la masseria Madonna d\u2019Ibernia.<\/p>\n<p>Gli spazi esterni sono ampi ed attrezzati per godere dello spettacolo armonioso di forme, colori e profumi che hanno reso unica e universalmente rinomata la murgia dei trulli.<\/p>\n<p>[\/vc_column_text][\/vc_column][\/vc_row][vc_row type=&#8221;full-width-section&#8221; css=&#8221;.vc_custom_1443346088110{margin-bottom: 0px !important;padding-top: 40px !important;padding-bottom: 40px !important;}&#8221;][vc_column css=&#8221;.vc_custom_1437554972179{padding-top: 55px !important;}&#8221;]<script>jQuery.noConflict(); var $ = jQuery; <\/script><div id=\"randomjsib6z7n32ic7k2i6e4f_port\" class=\"portfolio\"><style type=\"text\/css\" >#randomjsib6z7n32ic7k2i6e4f_port .filter_type_1 #options .selected a,#randomjsib6z7n32ic7k2i6e4f_port .filter_type_1 #options a:hover{background:#1abc9c; border:1px solid #1abc9c; color:#fff;}#randomjsib6z7n32ic7k2i6e4f_port .filter_type_1 #options a{border:1px solid #ecf0f1}#randomjsib6z7n32ic7k2i6e4f_port .filter_type_1 #options a{background:#ffffff}#randomjsib6z7n32ic7k2i6e4f_port .filter_type_1 #options a{color:#777777}<\/style><style type=\"text\/css\" >#randomjsib6z7n32ic7k2i6e4f_port .portfolio_desc{ position:absolute; bottom:10%; width:100%; height:40px; padding:0; border:none!important; background:none!important; text-align:center; z-index:3; opacity:0;}#randomjsib6z7n32ic7k2i6e4f_port .element:hover .portfolio_desc{opacity:1; bottom:50%;}#randomjsib6z7n32ic7k2i6e4f_port  .element:hover .img_link{left:4px;  opacity:1;}#randomjsib6z7n32ic7k2i6e4f_port  .element:hover .post_link{right:4px; opacity:1;}#randomjsib6z7n32ic7k2i6e4f_port .element:hover .port_overlay{ background:#fff; opacity:1;}#randomjsib6z7n32ic7k2i6e4f_port .portfolio_desc{margin-bottom:-20px;}.img_link,.post_link{display:none;}<\/style><div class=\"portfolio_block image-grid columns3 port_type_1 rd_hover_white thumbnail_type_1\" id=\"list\"><div data-category=\"\" class=\" element\">\r\n\t\t<div class=\"filter_img\">\r\n\t\t<div class=\"port_thumb_ctn\">\r\n\t\t<div class=\"port_overlay\"><\/div>\r\n        <a _self href=\"https:\/\/www.casavacanzemadonnadibernia.com\/vacanze\/appartamenti\/alloro\/\" target=\"_self\" class=\"ico_link\"><img width=\"640\" height=\"400\" src=\"https:\/\/www.casavacanzemadonnadibernia.com\/vacanze\/wp-content\/uploads\/2015\/08\/1_prew_MadonnaDIbernia_Alloro-640x400.jpg\" class=\"attachment-portfolio_tn size-portfolio_tn wp-post-image\" alt=\"\" loading=\"lazy\" \/>\r\n\t\t<\/a><figcaption><div>\r\n\t\t<h2>Alloro<\/h2>\r\n\t\t<p><\/p>\r\n\t\t<\/div>\r\n\t\t<a href=\"https:\/\/www.casavacanzemadonnadibernia.com\/vacanze\/appartamenti\/alloro\/\" target=\"_self\">View more<\/a>\r\n\t\t<\/figcaption><a href=\"https:\/\/www.casavacanzemadonnadibernia.com\/vacanze\/wp-content\/uploads\/2015\/08\/1_prew_MadonnaDIbernia_Alloro.jpg\" class=\"prettyPhoto port_img_link\"><span class='img_link'><\/span><\/a><a href='https:\/\/www.casavacanzemadonnadibernia.com\/vacanze\/appartamenti\/alloro\/' target='_self' class='port_post_link'><span class='post_link'><h2 class='fw_port_link'>Alloro<\/h2><h3 class='fw_port_tag'><\/h3><\/span><\/a><div class=\"portfolio_desc\">\r\n\t\t<h2><a href=\"https:\/\/www.casavacanzemadonnadibernia.com\/vacanze\/appartamenti\/alloro\/\" target=\"_self\">Alloro<\/a><\/h2>\r\n\t\t<h3><\/h3>\r\n        <\/div>\r\n\t\t<\/div><!-- port_thumb_ctn END -->\r\n\t\t<\/div><!-- Filter img END --><div class=\"portfolio_sub_info\"><div class=\"isotope_portfolio_name\">Alloro<\/div><div class=\"isotope_portfolio_date\">2015-08-15<\/div><\/div><\/div><!-- element END --><div data-category=\"\" class=\" element\">\r\n\t\t<div class=\"filter_img\">\r\n\t\t<div class=\"port_thumb_ctn\">\r\n\t\t<div class=\"port_overlay\"><\/div>\r\n        <a _self href=\"https:\/\/www.casavacanzemadonnadibernia.com\/vacanze\/appartamenti\/rosmarino\/\" target=\"_self\" class=\"ico_link\"><img width=\"640\" height=\"400\" src=\"https:\/\/www.casavacanzemadonnadibernia.com\/vacanze\/wp-content\/uploads\/2015\/08\/1_prew_MadonnaDIbernia_Rosmarino-640x400.jpg\" class=\"attachment-portfolio_tn size-portfolio_tn wp-post-image\" alt=\"\" loading=\"lazy\" \/>\r\n\t\t<\/a><figcaption><div>\r\n\t\t<h2>Rosmarino<\/h2>\r\n\t\t<p><\/p>\r\n\t\t<\/div>\r\n\t\t<a href=\"https:\/\/www.casavacanzemadonnadibernia.com\/vacanze\/appartamenti\/rosmarino\/\" target=\"_self\">View more<\/a>\r\n\t\t<\/figcaption><a href=\"https:\/\/www.casavacanzemadonnadibernia.com\/vacanze\/wp-content\/uploads\/2015\/08\/1_prew_MadonnaDIbernia_Rosmarino.jpg\" class=\"prettyPhoto port_img_link\"><span class='img_link'><\/span><\/a><a href='https:\/\/www.casavacanzemadonnadibernia.com\/vacanze\/appartamenti\/rosmarino\/' target='_self' class='port_post_link'><span class='post_link'><h2 class='fw_port_link'>Rosmarino<\/h2><h3 class='fw_port_tag'><\/h3><\/span><\/a><div class=\"portfolio_desc\">\r\n\t\t<h2><a href=\"https:\/\/www.casavacanzemadonnadibernia.com\/vacanze\/appartamenti\/rosmarino\/\" target=\"_self\">Rosmarino<\/a><\/h2>\r\n\t\t<h3><\/h3>\r\n        <\/div>\r\n\t\t<\/div><!-- port_thumb_ctn END -->\r\n\t\t<\/div><!-- Filter img END --><div class=\"portfolio_sub_info\"><div class=\"isotope_portfolio_name\">Rosmarino<\/div><div class=\"isotope_portfolio_date\">2015-08-15<\/div><\/div><\/div><!-- element END --><div data-category=\"\" class=\" element\">\r\n\t\t<div class=\"filter_img\">\r\n\t\t<div class=\"port_thumb_ctn\">\r\n\t\t<div class=\"port_overlay\"><\/div>\r\n        <a _self href=\"https:\/\/www.casavacanzemadonnadibernia.com\/vacanze\/appartamenti\/salvia\/\" target=\"_self\" class=\"ico_link\"><img width=\"640\" height=\"400\" src=\"https:\/\/www.casavacanzemadonnadibernia.com\/vacanze\/wp-content\/uploads\/2015\/08\/1_prew_MadonnaDIbernia_Salvia-640x400.jpg\" class=\"attachment-portfolio_tn size-portfolio_tn wp-post-image\" alt=\"\" loading=\"lazy\" \/>\r\n\t\t<\/a><figcaption><div>\r\n\t\t<h2>Salvia<\/h2>\r\n\t\t<p><\/p>\r\n\t\t<\/div>\r\n\t\t<a href=\"https:\/\/www.casavacanzemadonnadibernia.com\/vacanze\/appartamenti\/salvia\/\" target=\"_self\">View more<\/a>\r\n\t\t<\/figcaption><a href=\"https:\/\/www.casavacanzemadonnadibernia.com\/vacanze\/wp-content\/uploads\/2015\/08\/1_prew_MadonnaDIbernia_Salvia.jpg\" class=\"prettyPhoto port_img_link\"><span class='img_link'><\/span><\/a><a href='https:\/\/www.casavacanzemadonnadibernia.com\/vacanze\/appartamenti\/salvia\/' target='_self' class='port_post_link'><span class='post_link'><h2 class='fw_port_link'>Salvia<\/h2><h3 class='fw_port_tag'><\/h3><\/span><\/a><div class=\"portfolio_desc\">\r\n\t\t<h2><a href=\"https:\/\/www.casavacanzemadonnadibernia.com\/vacanze\/appartamenti\/salvia\/\" target=\"_self\">Salvia<\/a><\/h2>\r\n\t\t<h3><\/h3>\r\n        <\/div>\r\n\t\t<\/div><!-- port_thumb_ctn END -->\r\n\t\t<\/div><!-- Filter img END --><div class=\"portfolio_sub_info\"><div class=\"isotope_portfolio_name\">Salvia<\/div><div class=\"isotope_portfolio_date\">2015-08-15<\/div><\/div><\/div><!-- element END --><div data-category=\"\" class=\" element\">\r\n\t\t<div class=\"filter_img\">\r\n\t\t<div class=\"port_thumb_ctn\">\r\n\t\t<div class=\"port_overlay\"><\/div>\r\n        <a _self href=\"https:\/\/www.casavacanzemadonnadibernia.com\/vacanze\/appartamenti\/origano\/\" target=\"_self\" class=\"ico_link\"><img width=\"640\" height=\"400\" src=\"https:\/\/www.casavacanzemadonnadibernia.com\/vacanze\/wp-content\/uploads\/2015\/08\/1_prew_MadonnaDIbernia_Origano-640x400.jpg\" class=\"attachment-portfolio_tn size-portfolio_tn wp-post-image\" alt=\"\" loading=\"lazy\" \/>\r\n\t\t<\/a><figcaption><div>\r\n\t\t<h2>Origano<\/h2>\r\n\t\t<p><\/p>\r\n\t\t<\/div>\r\n\t\t<a href=\"https:\/\/www.casavacanzemadonnadibernia.com\/vacanze\/appartamenti\/origano\/\" target=\"_self\">View more<\/a>\r\n\t\t<\/figcaption><a href=\"https:\/\/www.casavacanzemadonnadibernia.com\/vacanze\/wp-content\/uploads\/2015\/08\/1_prew_MadonnaDIbernia_Origano.jpg\" class=\"prettyPhoto port_img_link\"><span class='img_link'><\/span><\/a><a href='https:\/\/www.casavacanzemadonnadibernia.com\/vacanze\/appartamenti\/origano\/' target='_self' class='port_post_link'><span class='post_link'><h2 class='fw_port_link'>Origano<\/h2><h3 class='fw_port_tag'><\/h3><\/span><\/a><div class=\"portfolio_desc\">\r\n\t\t<h2><a href=\"https:\/\/www.casavacanzemadonnadibernia.com\/vacanze\/appartamenti\/origano\/\" target=\"_self\">Origano<\/a><\/h2>\r\n\t\t<h3><\/h3>\r\n        <\/div>\r\n\t\t<\/div><!-- port_thumb_ctn END -->\r\n\t\t<\/div><!-- Filter img END --><div class=\"portfolio_sub_info\"><div class=\"isotope_portfolio_name\">Origano<\/div><div class=\"isotope_portfolio_date\">2015-08-15<\/div><\/div><\/div><!-- element END --><div data-category=\"\" class=\" element\">\r\n\t\t<div class=\"filter_img\">\r\n\t\t<div class=\"port_thumb_ctn\">\r\n\t\t<div class=\"port_overlay\"><\/div>\r\n        <a _self href=\"https:\/\/www.casavacanzemadonnadibernia.com\/vacanze\/appartamenti\/peperoncino\/\" target=\"_self\" class=\"ico_link\"><img width=\"640\" height=\"400\" src=\"https:\/\/www.casavacanzemadonnadibernia.com\/vacanze\/wp-content\/uploads\/2015\/08\/1_prew_MadonnaDIbernia_Peperoncino-640x400.jpg\" class=\"attachment-portfolio_tn size-portfolio_tn wp-post-image\" alt=\"\" loading=\"lazy\" \/>\r\n\t\t<\/a><figcaption><div>\r\n\t\t<h2>Peperoncino<\/h2>\r\n\t\t<p><\/p>\r\n\t\t<\/div>\r\n\t\t<a href=\"https:\/\/www.casavacanzemadonnadibernia.com\/vacanze\/appartamenti\/peperoncino\/\" target=\"_self\">View more<\/a>\r\n\t\t<\/figcaption><a href=\"https:\/\/www.casavacanzemadonnadibernia.com\/vacanze\/wp-content\/uploads\/2015\/08\/1_prew_MadonnaDIbernia_Peperoncino.jpg\" class=\"prettyPhoto port_img_link\"><span class='img_link'><\/span><\/a><a href='https:\/\/www.casavacanzemadonnadibernia.com\/vacanze\/appartamenti\/peperoncino\/' target='_self' class='port_post_link'><span class='post_link'><h2 class='fw_port_link'>Peperoncino<\/h2><h3 class='fw_port_tag'><\/h3><\/span><\/a><div class=\"portfolio_desc\">\r\n\t\t<h2><a href=\"https:\/\/www.casavacanzemadonnadibernia.com\/vacanze\/appartamenti\/peperoncino\/\" target=\"_self\">Peperoncino<\/a><\/h2>\r\n\t\t<h3><\/h3>\r\n        <\/div>\r\n\t\t<\/div><!-- port_thumb_ctn END -->\r\n\t\t<\/div><!-- Filter img END --><div class=\"portfolio_sub_info\"><div class=\"isotope_portfolio_name\">Peperoncino<\/div><div class=\"isotope_portfolio_date\">2015-08-15<\/div><\/div><\/div><!-- element END --><div data-category=\"\" class=\" element\">\r\n\t\t<div class=\"filter_img\">\r\n\t\t<div class=\"port_thumb_ctn\">\r\n\t\t<div class=\"port_overlay\"><\/div>\r\n        <a _self href=\"https:\/\/www.casavacanzemadonnadibernia.com\/vacanze\/appartamenti\/timo\/\" target=\"_self\" class=\"ico_link\"><img width=\"640\" height=\"400\" src=\"https:\/\/www.casavacanzemadonnadibernia.com\/vacanze\/wp-content\/uploads\/2015\/08\/1_prew_MadonnaDIbernia_Timo-640x400.jpg\" class=\"attachment-portfolio_tn size-portfolio_tn wp-post-image\" alt=\"\" loading=\"lazy\" \/>\r\n\t\t<\/a><figcaption><div>\r\n\t\t<h2>Timo<\/h2>\r\n\t\t<p><\/p>\r\n\t\t<\/div>\r\n\t\t<a href=\"https:\/\/www.casavacanzemadonnadibernia.com\/vacanze\/appartamenti\/timo\/\" target=\"_self\">View more<\/a>\r\n\t\t<\/figcaption><a href=\"https:\/\/www.casavacanzemadonnadibernia.com\/vacanze\/wp-content\/uploads\/2015\/08\/1_prew_MadonnaDIbernia_Timo.jpg\" class=\"prettyPhoto port_img_link\"><span class='img_link'><\/span><\/a><a href='https:\/\/www.casavacanzemadonnadibernia.com\/vacanze\/appartamenti\/timo\/' target='_self' class='port_post_link'><span class='post_link'><h2 class='fw_port_link'>Timo<\/h2><h3 class='fw_port_tag'><\/h3><\/span><\/a><div class=\"portfolio_desc\">\r\n\t\t<h2><a href=\"https:\/\/www.casavacanzemadonnadibernia.com\/vacanze\/appartamenti\/timo\/\" target=\"_self\">Timo<\/a><\/h2>\r\n\t\t<h3><\/h3>\r\n        <\/div>\r\n\t\t<\/div><!-- port_thumb_ctn END -->\r\n\t\t<\/div><!-- Filter img END --><div class=\"portfolio_sub_info\"><div class=\"isotope_portfolio_name\">Timo<\/div><div class=\"isotope_portfolio_date\">2015-08-15<\/div><\/div><\/div><!-- element END -->\r\n\r\n                <\/div><!-- .portfolio_block -->\r\n\r\n                <div class=\"rd_clear\"><!-- ClearFix --><\/div><\/div>  <script>\r\n\r\n\r\n\r\njQuery.noConflict();\r\njQuery(document).ready(function($){\r\n\"use strict\";\r\n            \r\n $(window).load(function(){\r\n\r\n\t$(\"#randomjsib6z7n32ic7k2i6e4f_port .optionset li a\").each(function() {\r\n\r\n\t\t\t\t\t\t\t\tvar filter_class = $(this).attr('data-option-value');\r\n\t\t\t\t\t\t\t\t if ($('#randomjsib6z7n32ic7k2i6e4f_port').find(filter_class).length){ \/\/ implies *not* zero\r\n\t\t\t\t\t\t\t\t$(this).parent('li').show();\r\n\t\t\t\t\t\t\t\t }else{\r\n\t\t\t\t\t\t\t\t$(this).parent('li').hide();\r\n\t\t\t\t\t\t\t\t }\r\n\r\n\r\n\t\t\t\t\t\t\t\t});\r\n\r\n                            $('#portfolio-tags').css('opacity','1');\r\nfunction watchport() {\r\n\r\n$(\"#randomjsib6z7n32ic7k2i6e4f_port .portfolio_block\").isotope('layout');\r\n\t\t\t\r\n}\r\n\r\nsetInterval(watchport, 100);\r\n\r\n\r\n\r\n                });\r\n\r\n                });\r\n            <\/script>\r\n  [\/vc_column][\/vc_row][vc_row css=&#8221;.vc_custom_1443360152637{margin-bottom: 40px !important;padding-top: 40px !important;padding-right: 20px !important;padding-bottom: 40px !important;padding-left: 20px !important;background-color: #1abc9c !important;}&#8221;][vc_column css=&#8221;.vc_custom_1443303954669{padding-top: 0px !important;}&#8221;][vc_custom_heading text=&#8221;SE RESTATE CON NOI PER ALMENO UNA SETTIMANA VI OFFRIREMO UNA CENA PRESSO<br \/>\nIL NOSTRO RISTORANTE \u201cIL CAPRICCIO\u201d&#8221; font_container=&#8221;tag:h2|font_size:38|text_align:center|color:%23ffffff|line_height:40px&#8221; google_fonts=&#8221;font_family:Open%20Sans%3A300%2C300italic%2Cregular%2Citalic%2C600%2C600italic%2C700%2C700italic%2C800%2C800italic|font_style:300%20light%20regular%3A300%3Anormal&#8221; css=&#8221;.vc_custom_1443303802449{margin-bottom: 0px !important;padding-top: 0px !important;padding-bottom: 0px !important;}&#8221;][\/vc_column][\/vc_row]<\/p>","protected":false},"excerpt":{"rendered":"<p>[vc_row type=&#8221;full-width-section&#8221; css=&#8221;.vc_custom_1443361810880{background-color: #f9fafb !important;}&#8221;][vc_column][vc_column_text] Timo Home Appartamenti Timo [\/vc_column_text][\/vc_column][\/vc_row][vc_row css=&#8221;.vc_custom_1443286801166{margin-bottom: 0px !important;padding-top: 95px !important;padding-bottom: 0px !important;}&#8221;][vc_column][rev_slider_vc alias=&#8221;timo&#8221;][vc_custom_heading text=&#8221;TIMO&#8221; font_container=&#8221;tag:h2|font_size:36px|text_align:center|color:%23333333|line_height:40px&#8221; google_fonts=&#8221;font_family:Open%20Sans%3A300%2C300italic%2Cregular%2Citalic%2C600%2C600italic%2C700%2C700italic%2C800%2C800italic|font_style:300%20light%20regular%3A300%3Anormal&#8221; css=&#8221;.vc_custom_1443363643215{margin-bottom: 23px !important;}&#8221;][vc_column_text]Un grande soggiorno con un comodo angolo cottura, una camera da letto ed il bagno, attrezzato anche per disabili, compongono quest\u2019appartamento, riservato e tranquillo, che si caratterizza per la sua posizione leggermente<br \/><a href=\"https:\/\/www.casavacanzemadonnadibernia.com\/vacanze\/appartamenti\/timo\/\" class=\"more\">Read more<\/a><\/p>\n","protected":false},"author":3,"featured_media":0,"parent":0,"menu_order":0,"comment_status":"closed","ping_status":"open","template":"","meta":[],"_links":{"self":[{"href":"https:\/\/www.casavacanzemadonnadibernia.com\/vacanze\/wp-json\/wp\/v2\/pages\/263"}],"collection":[{"href":"https:\/\/www.casavacanzemadonnadibernia.com\/vacanze\/wp-json\/wp\/v2\/pages"}],"about":[{"href":"https:\/\/www.casavacanzemadonnadibernia.com\/vacanze\/wp-json\/wp\/v2\/types\/page"}],"author":[{"embeddable":true,"href":"https:\/\/www.casavacanzemadonnadibernia.com\/vacanze\/wp-json\/wp\/v2\/users\/3"}],"replies":[{"embeddable":true,"href":"https:\/\/www.casavacanzemadonnadibernia.com\/vacanze\/wp-json\/wp\/v2\/comments?post=263"}],"version-history":[{"count":13,"href":"https:\/\/www.casavacanzemadonnadibernia.com\/vacanze\/wp-json\/wp\/v2\/pages\/263\/revisions"}],"predecessor-version":[{"id":528,"href":"https:\/\/www.casavacanzemadonnadibernia.com\/vacanze\/wp-json\/wp\/v2\/pages\/263\/revisions\/528"}],"wp:attachment":[{"href":"https:\/\/www.casavacanzemadonnadibernia.com\/vacanze\/wp-json\/wp\/v2\/media?parent=263"}],"curies":[{"name":"wp","href":"https:\/\/api.w.org\/{rel}","templated":true}]}}